{"id":144,"date":"2026-04-02T12:13:25","date_gmt":"2026-04-02T09:13:25","guid":{"rendered":"https:\/\/cografyasinifi.com\/?page_id=144"},"modified":"2026-04-02T13:21:57","modified_gmt":"2026-04-02T10:21:57","slug":"dogal-sistemler-ve-surecler-10","status":"publish","type":"page","link":"https:\/\/cografyasinifi.com\/?page_id=144","title":{"rendered":"Do\u011fal Sistemler ve S\u00fcre\u00e7ler (10)"},"content":{"rendered":"<div class='w3eden'><!-- WPDM Link Template: Default Template -->\n\n<div class=\"link-template-default card mb-2\">\n    <div class=\"card-body\">\n        <div class=\"media\">\n            <div class=\"mr-3 img-48\"><img decoding=\"async\" class=\"wpdm_icon\" alt=\"Icon\" src=\"https:\/\/cografyasinifi.com\/wp-content\/plugins\/download-manager\/assets\/file-type-icons\/docx.svg\" \/><\/div>\n            <div class=\"media-body\">\n                <h3 class=\"package-title\"><a href='https:\/\/cografyasinifi.com\/?wpdmpro=sanal-saha-calismasi'>Sanal Saha \u00c7al\u0131\u015fmas\u0131<\/a><\/h3>\n                <div class=\"text-muted text-small\"><i class=\"fas fa-copy\"><\/i> 1 file(s) <i class=\"fas fa-hdd ml-3\"><\/i> 16.89 KB<\/div>\n            <\/div>\n            <div class=\"ml-3\">\n                <a class='wpdm-download-link download-on-click btn btn-primary ' rel='nofollow' href='#' data-downloadurl=\"https:\/\/cografyasinifi.com\/?wpdmpro=sanal-saha-calismasi&wpdmdl=167&refresh=69e218087facf1776424968\">Download<\/a>\n            <\/div>\n        <\/div>\n    <\/div>\n<\/div>\n\n<\/div>\n\n\n\n<p>Google Earth ya da HGM K\u00fcre uygulamas\u0131 \u00fczerinden sanal gezi yap\u0131labilir. \u00d6\u011fretmen Google Earth \u00fczerinden \u00f6nceden belirledi\u011fi rotay\u0131 s\u0131n\u0131fta \u00f6\u011frencilerle beraber gezer. \u00d6\u011frenciler rotay\u0131 gezerken sorulara cevap vermeye \u00e7al\u0131\u015f\u0131r. Etkinlik yakla\u015f\u0131k bir ders saati s\u00fcrmektedir.<\/p>\n","protected":false},"excerpt":{"rendered":"<p>Google Earth ya da HGM K\u00fcre uygulamas\u0131 \u00fczerinden sanal gezi yap\u0131labilir. \u00d6\u011fretmen Google Earth \u00fczerinden \u00f6nceden belirledi\u011fi rotay\u0131 s\u0131n\u0131fta \u00f6\u011frencilerle &hellip; <\/p>\n","protected":false},"author":1,"featured_media":0,"parent":0,"menu_order":0,"comment_status":"closed","ping_status":"closed","template":"","meta":{"footnotes":""},"class_list":["post-144","page","type-page","status-publish","hentry"],"_links":{"self":[{"href":"https:\/\/cografyasinifi.com\/index.php?rest_route=\/wp\/v2\/pages\/144","targetHints":{"allow":["GET"]}}],"collection":[{"href":"https:\/\/cografyasinifi.com\/index.php?rest_route=\/wp\/v2\/pages"}],"about":[{"href":"https:\/\/cografyasinifi.com\/index.php?rest_route=\/wp\/v2\/types\/page"}],"author":[{"embeddable":true,"href":"https:\/\/cografyasinifi.com\/index.php?rest_route=\/wp\/v2\/users\/1"}],"replies":[{"embeddable":true,"href":"https:\/\/cografyasinifi.com\/index.php?rest_route=%2Fwp%2Fv2%2Fcomments&post=144"}],"version-history":[{"count":2,"href":"https:\/\/cografyasinifi.com\/index.php?rest_route=\/wp\/v2\/pages\/144\/revisions"}],"predecessor-version":[{"id":168,"href":"https:\/\/cografyasinifi.com\/index.php?rest_route=\/wp\/v2\/pages\/144\/revisions\/168"}],"wp:attachment":[{"href":"https:\/\/cografyasinifi.com\/index.php?rest_route=%2Fwp%2Fv2%2Fmedia&parent=144"}],"curies":[{"name":"wp","href":"https:\/\/api.w.org\/{rel}","templated":true}]}}