{"id":146,"date":"2026-04-02T12:13:43","date_gmt":"2026-04-02T09:13:43","guid":{"rendered":"https:\/\/cografyasinifi.com\/?page_id=146"},"modified":"2026-04-09T14:27:36","modified_gmt":"2026-04-09T11:27:36","slug":"beseri-sistemler-ve-surecler-10","status":"publish","type":"page","link":"https:\/\/cografyasinifi.com\/?page_id=146","title":{"rendered":"Be\u015feri Sistemler ve S\u00fcre\u00e7ler (10)"},"content":{"rendered":"<div class='w3eden'><!-- WPDM Link Template: Default Template -->\n\n<div class=\"link-template-default card mb-2\">\n    <div class=\"card-body\">\n        <div class=\"media\">\n            <div class=\"mr-3 img-48\"><img decoding=\"async\" class=\"wpdm_icon\" alt=\"Icon\" src=\"https:\/\/cografyasinifi.com\/wp-content\/plugins\/download-manager\/assets\/file-type-icons\/pdf.svg\" \/><\/div>\n            <div class=\"media-body\">\n                <h3 class=\"package-title\"><a href='https:\/\/cografyasinifi.com\/?wpdmpro=yerlesme-yeri-secimi-ders-plani'>Yerle\u015fme yeri se\u00e7imi ders plan\u0131<\/a><\/h3>\n                <div class=\"text-muted text-small\"><i class=\"fas fa-copy\"><\/i> 1 file(s) <i class=\"fas fa-hdd ml-3\"><\/i> 1.59 MB<\/div>\n            <\/div>\n            <div class=\"ml-3\">\n                <a class='wpdm-download-link download-on-click btn btn-primary ' rel='nofollow' href='#' data-downloadurl=\"https:\/\/cografyasinifi.com\/?wpdmpro=yerlesme-yeri-secimi-ders-plani&wpdmdl=179&refresh=69e217dddb2341776424925\">Download<\/a>\n            <\/div>\n        <\/div>\n    <\/div>\n<\/div>\n\n<\/div>\n\n\n<div class='w3eden'><!-- WPDM Link Template: Default Template -->\n\n<div class=\"link-template-default card mb-2\">\n    <div class=\"card-body\">\n        <div class=\"media\">\n            <div class=\"mr-3 img-48\"><img decoding=\"async\" class=\"wpdm_icon\" alt=\"Icon\" src=\"https:\/\/cografyasinifi.com\/wp-content\/plugins\/download-manager\/assets\/file-type-icons\/docx.svg\" \/><\/div>\n            <div class=\"media-body\">\n                <h3 class=\"package-title\"><a href='https:\/\/cografyasinifi.com\/?wpdmpro=turkiyedeki-ilk-yerlesmeler-ders-plani'>T\u00fcrkiye'deki ilk yerle\u015fmeler ders plan\u0131<\/a><\/h3>\n                <div class=\"text-muted text-small\"><i class=\"fas fa-copy\"><\/i> 1 file(s) <i class=\"fas fa-hdd ml-3\"><\/i> 16.65 KB<\/div>\n            <\/div>\n            <div class=\"ml-3\">\n                <a class='wpdm-download-link download-on-click btn btn-primary ' rel='nofollow' href='#' data-downloadurl=\"https:\/\/cografyasinifi.com\/?wpdmpro=turkiyedeki-ilk-yerlesmeler-ders-plani&wpdmdl=181&refresh=69e217ddde2921776424925\">Download<\/a>\n            <\/div>\n        <\/div>\n    <\/div>\n<\/div>\n\n<\/div>\n","protected":false},"excerpt":{"rendered":"","protected":false},"author":1,"featured_media":0,"parent":0,"menu_order":0,"comment_status":"closed","ping_status":"closed","template":"","meta":{"footnotes":""},"class_list":["post-146","page","type-page","status-publish","hentry"],"_links":{"self":[{"href":"https:\/\/cografyasinifi.com\/index.php?rest_route=\/wp\/v2\/pages\/146","targetHints":{"allow":["GET"]}}],"collection":[{"href":"https:\/\/cografyasinifi.com\/index.php?rest_route=\/wp\/v2\/pages"}],"about":[{"href":"https:\/\/cografyasinifi.com\/index.php?rest_route=\/wp\/v2\/types\/page"}],"author":[{"embeddable":true,"href":"https:\/\/cografyasinifi.com\/index.php?rest_route=\/wp\/v2\/users\/1"}],"replies":[{"embeddable":true,"href":"https:\/\/cografyasinifi.com\/index.php?rest_route=%2Fwp%2Fv2%2Fcomments&post=146"}],"version-history":[{"count":5,"href":"https:\/\/cografyasinifi.com\/index.php?rest_route=\/wp\/v2\/pages\/146\/revisions"}],"predecessor-version":[{"id":210,"href":"https:\/\/cografyasinifi.com\/index.php?rest_route=\/wp\/v2\/pages\/146\/revisions\/210"}],"wp:attachment":[{"href":"https:\/\/cografyasinifi.com\/index.php?rest_route=%2Fwp%2Fv2%2Fmedia&parent=146"}],"curies":[{"name":"wp","href":"https:\/\/api.w.org\/{rel}","templated":true}]}}