{"id":148,"date":"2026-04-02T12:14:35","date_gmt":"2026-04-02T09:14:35","guid":{"rendered":"https:\/\/cografyasinifi.com\/?page_id=148"},"modified":"2026-04-05T23:17:02","modified_gmt":"2026-04-05T20:17:02","slug":"ekonomik-faaliyetler-ve-etkileri-10","status":"publish","type":"page","link":"https:\/\/cografyasinifi.com\/?page_id=148","title":{"rendered":"Ekonomik Faaliyetler ve Etkileri (10)"},"content":{"rendered":"<div class='w3eden'><!-- WPDM Link Template: Default Template -->\n\n<div class=\"link-template-default card mb-2\">\n    <div class=\"card-body\">\n        <div class=\"media\">\n            <div class=\"mr-3 img-48\"><img decoding=\"async\" class=\"wpdm_icon\" alt=\"Icon\" src=\"https:\/\/cografyasinifi.com\/wp-content\/plugins\/download-manager\/assets\/file-type-icons\/pdf.svg\" \/><\/div>\n            <div class=\"media-body\">\n                <h3 class=\"package-title\"><a href='https:\/\/cografyasinifi.com\/?wpdmpro=ekonomik-faaliyetlerin-siniflandirilmasi'>Ekonomik Faaliyetlerin S\u0131n\u0131fland\u0131r\u0131lmas\u0131<\/a><\/h3>\n                <div class=\"text-muted text-small\"><i class=\"fas fa-copy\"><\/i> 1 file(s) <i class=\"fas fa-hdd ml-3\"><\/i> 895.94 KB<\/div>\n            <\/div>\n            <div class=\"ml-3\">\n                <a class='wpdm-download-link download-on-click btn btn-primary ' rel='nofollow' href='#' data-downloadurl=\"https:\/\/cografyasinifi.com\/?wpdmpro=ekonomik-faaliyetlerin-siniflandirilmasi&wpdmdl=187&refresh=69e2181a7ca291776424986\">Download<\/a>\n            <\/div>\n        <\/div>\n    <\/div>\n<\/div>\n\n<\/div>\n\n\n\n<p>Bu \u00e7al\u0131\u015fma i\u00e7in s\u0131n\u0131f 5 gruba ayr\u0131l\u0131r. Her gruba \u00e7al\u0131\u015fma ka\u011f\u0131d\u0131 verilir. Dosya i\u00e7erisinde bulunan 15 tane foto\u011fraf \u00fc\u00e7erli olarak gruplara da\u011f\u0131t\u0131l\u0131r. Gruplar foto\u011fraflar\u0131 inceleyerek \u00e7al\u0131\u015fma ka\u011f\u0131d\u0131n\u0131 cevaplar. \u00d6\u011fretmen burada gerekli durumlarda rehberlik yapar. Daha sonra her grup s\u00f6zc\u00fcs\u00fc tahtaya gelerek foto\u011fraflar\u0131n hangi ekonomik sekt\u00f6r\u00fc temsil etti\u011fini a\u00e7\u0131klar. Tahtada olu\u015fturulan tabloya \u00f6\u011frenciler meslekleri s\u0131n\u0131fland\u0131r\u0131r.<\/p>\n","protected":false},"excerpt":{"rendered":"<p>Bu \u00e7al\u0131\u015fma i\u00e7in s\u0131n\u0131f 5 gruba ayr\u0131l\u0131r. Her gruba \u00e7al\u0131\u015fma ka\u011f\u0131d\u0131 verilir. Dosya i\u00e7erisinde bulunan 15 tane foto\u011fraf \u00fc\u00e7erli olarak &hellip; <\/p>\n","protected":false},"author":1,"featured_media":0,"parent":0,"menu_order":0,"comment_status":"closed","ping_status":"closed","template":"","meta":{"footnotes":""},"class_list":["post-148","page","type-page","status-publish","hentry"],"_links":{"self":[{"href":"https:\/\/cografyasinifi.com\/index.php?rest_route=\/wp\/v2\/pages\/148","targetHints":{"allow":["GET"]}}],"collection":[{"href":"https:\/\/cografyasinifi.com\/index.php?rest_route=\/wp\/v2\/pages"}],"about":[{"href":"https:\/\/cografyasinifi.com\/index.php?rest_route=\/wp\/v2\/types\/page"}],"author":[{"embeddable":true,"href":"https:\/\/cografyasinifi.com\/index.php?rest_route=\/wp\/v2\/users\/1"}],"replies":[{"embeddable":true,"href":"https:\/\/cografyasinifi.com\/index.php?rest_route=%2Fwp%2Fv2%2Fcomments&post=148"}],"version-history":[{"count":4,"href":"https:\/\/cografyasinifi.com\/index.php?rest_route=\/wp\/v2\/pages\/148\/revisions"}],"predecessor-version":[{"id":192,"href":"https:\/\/cografyasinifi.com\/index.php?rest_route=\/wp\/v2\/pages\/148\/revisions\/192"}],"wp:attachment":[{"href":"https:\/\/cografyasinifi.com\/index.php?rest_route=%2Fwp%2Fv2%2Fmedia&parent=148"}],"curies":[{"name":"wp","href":"https:\/\/api.w.org\/{rel}","templated":true}]}}