{"id":169,"date":"2026-04-02T13:23:51","date_gmt":"2026-04-02T10:23:51","guid":{"rendered":"https:\/\/cografyasinifi.com\/?page_id=169"},"modified":"2026-04-02T13:26:47","modified_gmt":"2026-04-02T10:26:47","slug":"cografya-oyun-ve-etkinlik","status":"publish","type":"page","link":"https:\/\/cografyasinifi.com\/?page_id=169","title":{"rendered":"Co\u011frafya Oyun ve Etkinlik"},"content":{"rendered":"<div class='w3eden'><!-- WPDM Link Template: Default Template -->\n\n<div class=\"link-template-default card mb-2\">\n    <div class=\"card-body\">\n        <div class=\"media\">\n            <div class=\"mr-3 img-48\"><img decoding=\"async\" class=\"wpdm_icon\" alt=\"Icon\" src=\"https:\/\/cografyasinifi.com\/wp-content\/plugins\/download-manager\/assets\/file-type-icons\/docx.svg\" \/><\/div>\n            <div class=\"media-body\">\n                <h3 class=\"package-title\"><a href='https:\/\/cografyasinifi.com\/?wpdmpro=firat-nehri-su-paylasimi'>F\u0131rat Nehri Su Payla\u015f\u0131m\u0131<\/a><\/h3>\n                <div class=\"text-muted text-small\"><i class=\"fas fa-copy\"><\/i> 1 file(s) <i class=\"fas fa-hdd ml-3\"><\/i> 21.70 KB<\/div>\n            <\/div>\n            <div class=\"ml-3\">\n                <a class='wpdm-download-link download-on-click btn btn-primary ' rel='nofollow' href='#' data-downloadurl=\"https:\/\/cografyasinifi.com\/?wpdmpro=firat-nehri-su-paylasimi&wpdmdl=172&refresh=69e2181a7c4791776424986\">Download<\/a>\n            <\/div>\n        <\/div>\n    <\/div>\n<\/div>\n\n<\/div>\n\n\n\n<p>F\u0131rat nehri su payla\u015f\u0131m\u0131 etkinli\u011finin amac\u0131; F\u0131rat havzas\u0131nda azalan ak\u0131\u015f miktar\u0131na ba\u011fl\u0131 olarak su payla\u015f\u0131m\u0131n\u0131n yeniden d\u00fczenlenmesi gerekmektedir. Dosya i\u00e7erisinde y\u00f6nergesi ve b\u00fct\u00fcn bilgiler bulunmaktad\u0131r.<\/p>\n\n\n\n<p><\/p>\n","protected":false},"excerpt":{"rendered":"<p>F\u0131rat nehri su payla\u015f\u0131m\u0131 etkinli\u011finin amac\u0131; F\u0131rat havzas\u0131nda azalan ak\u0131\u015f miktar\u0131na ba\u011fl\u0131 olarak su payla\u015f\u0131m\u0131n\u0131n yeniden d\u00fczenlenmesi gerekmektedir. Dosya i\u00e7erisinde &hellip; <\/p>\n","protected":false},"author":1,"featured_media":0,"parent":0,"menu_order":0,"comment_status":"closed","ping_status":"closed","template":"","meta":{"footnotes":""},"class_list":["post-169","page","type-page","status-publish","hentry"],"_links":{"self":[{"href":"https:\/\/cografyasinifi.com\/index.php?rest_route=\/wp\/v2\/pages\/169","targetHints":{"allow":["GET"]}}],"collection":[{"href":"https:\/\/cografyasinifi.com\/index.php?rest_route=\/wp\/v2\/pages"}],"about":[{"href":"https:\/\/cografyasinifi.com\/index.php?rest_route=\/wp\/v2\/types\/page"}],"author":[{"embeddable":true,"href":"https:\/\/cografyasinifi.com\/index.php?rest_route=\/wp\/v2\/users\/1"}],"replies":[{"embeddable":true,"href":"https:\/\/cografyasinifi.com\/index.php?rest_route=%2Fwp%2Fv2%2Fcomments&post=169"}],"version-history":[{"count":2,"href":"https:\/\/cografyasinifi.com\/index.php?rest_route=\/wp\/v2\/pages\/169\/revisions"}],"predecessor-version":[{"id":173,"href":"https:\/\/cografyasinifi.com\/index.php?rest_route=\/wp\/v2\/pages\/169\/revisions\/173"}],"wp:attachment":[{"href":"https:\/\/cografyasinifi.com\/index.php?rest_route=%2Fwp%2Fv2%2Fmedia&parent=169"}],"curies":[{"name":"wp","href":"https:\/\/api.w.org\/{rel}","templated":true}]}}