{"id":22,"date":"2026-03-31T10:40:00","date_gmt":"2026-03-31T10:40:00","guid":{"rendered":"http:\/\/cografyasinifi.com\/?page_id=22"},"modified":"2026-04-05T22:43:41","modified_gmt":"2026-04-05T19:43:41","slug":"iletisim","status":"publish","type":"page","link":"https:\/\/cografyasinifi.com\/?page_id=22","title":{"rendered":"\u0130leti\u015fim"},"content":{"rendered":"\n<p>Merhaba! \ud83d\udc4b <\/p>\n\n\n\n<p>Ders materyalleri, etkinlikler veya site hakk\u0131nda g\u00f6r\u00fc\u015f ve \u00f6nerilerinizi benimle payla\u015fabilirsiniz. <\/p>\n\n\n\n<p>\ud83d\udce7 E-posta: \u00a0<strong>iletisim@cografyasinifi.com\u00a0<\/strong>\u00a0<\/p>\n\n\n\n<p><\/p>\n\n\n\n<p><\/p>\n","protected":false},"excerpt":{"rendered":"<p>Merhaba! \ud83d\udc4b Ders materyalleri, etkinlikler veya site hakk\u0131nda g\u00f6r\u00fc\u015f ve \u00f6nerilerinizi benimle payla\u015fabilirsiniz. \ud83d\udce7 E-posta: \u00a0iletisim@cografyasinifi.com\u00a0\u00a0<\/p>\n","protected":false},"author":1,"featured_media":0,"parent":0,"menu_order":0,"comment_status":"closed","ping_status":"closed","template":"","meta":{"footnotes":""},"class_list":["post-22","page","type-page","status-publish","hentry"],"_links":{"self":[{"href":"https:\/\/cografyasinifi.com\/index.php?rest_route=\/wp\/v2\/pages\/22","targetHints":{"allow":["GET"]}}],"collection":[{"href":"https:\/\/cografyasinifi.com\/index.php?rest_route=\/wp\/v2\/pages"}],"about":[{"href":"https:\/\/cografyasinifi.com\/index.php?rest_route=\/wp\/v2\/types\/page"}],"author":[{"embeddable":true,"href":"https:\/\/cografyasinifi.com\/index.php?rest_route=\/wp\/v2\/users\/1"}],"replies":[{"embeddable":true,"href":"https:\/\/cografyasinifi.com\/index.php?rest_route=%2Fwp%2Fv2%2Fcomments&post=22"}],"version-history":[{"count":4,"href":"https:\/\/cografyasinifi.com\/index.php?rest_route=\/wp\/v2\/pages\/22\/revisions"}],"predecessor-version":[{"id":178,"href":"https:\/\/cografyasinifi.com\/index.php?rest_route=\/wp\/v2\/pages\/22\/revisions\/178"}],"wp:attachment":[{"href":"https:\/\/cografyasinifi.com\/index.php?rest_route=%2Fwp%2Fv2%2Fmedia&parent=22"}],"curies":[{"name":"wp","href":"https:\/\/api.w.org\/{rel}","templated":true}]}}